{"id":273,"date":"2025-12-17T15:58:50","date_gmt":"2025-12-17T15:58:50","guid":{"rendered":"https:\/\/dummy.xtemos.com\/woodmart2\/perfumes\/?post_type=product&#038;p=273"},"modified":"2026-02-27T17:07:28","modified_gmt":"2026-02-27T22:07:28","slug":"abyss-bleu-2ml-sample","status":"publish","type":"product","link":"https:\/\/divinosecreto.online\/index.php\/product\/abyss-bleu-2ml-sample\/","title":{"rendered":"0 &#8211; Sensual Double Rush"},"content":{"rendered":"<div class=\"wpb-content-wrapper\"><p>[vc_row css=\u00bb.vc_custom_1766145934296{margin-bottom: 10px !important;}\u00bb woodmart_css_id=\u00bb69453f8a0e0d7&#8243; responsive_spacing=\u00bbeyJwYXJhbV90eXBlIjoid29vZG1hcnRfcmVzcG9uc2l2ZV9zcGFjaW5nIiwic2VsZWN0b3JfaWQiOiI2OTQ1M2Y4YTBlMGQ3Iiwic2hvcnRjb2RlIjoidmNfcm93IiwiZGF0YSI6eyJ0YWJsZXQiOnt9LCJtb2JpbGUiOnt9fX0=\u00bb mobile_bg_img_hidden=\u00bbno\u00bb tablet_bg_img_hidden=\u00bbno\u00bb woodmart_parallax=\u00bb0&#8243; woodmart_gradient_switch=\u00bbno\u00bb woodmart_box_shadow=\u00bbno\u00bb wd_z_index=\u00bbno\u00bb woodmart_disable_overflow=\u00bb0&#8243; row_reverse_mobile=\u00bb0&#8243; row_reverse_tablet=\u00bb0&#8243;][vc_column]\n\t\t<div id=\"wd-69453f2004e62\" class=\"title-wrapper wd-wpb wd-set-mb reset-last-child  wd-rs-69453f2004e62 wd-title-color-default wd-title-style-default text-left vc_custom_1766145840348 wd-underline-colored\">\n\t\t\t\n\t\t\t<div class=\"liner-continer\">\n\t\t\t\t<h4 class=\"woodmart-title-container title  wd-font-weight- wd-fontsize-l\" >\u00c9theria Collection<\/h4>\n\t\t\t\t\t\t\t<\/div>\n\t\t\t\n\t\t\t\n\t\t\t\n\t\t<\/div>\n\t\t\n\t\t\t\t<div class=\"wd-el-video wd-wpb wd-rs-69453f3cf3fa8 wd-action-overlay wd-video-youtube vc_custom_1766145903107\">\n\t\t\t\t\t\t\t<iframe data-lazy-load=\"https:\/\/www.youtube.com\/embed\/LXb3EKWsInQ?feature=oembed&loop=0&mute=0&controls=1\" allowfullscreen allow=\"accelerometer; autoplay; encrypted-media; gyroscope; picture-in-picture\" width=\"100%\" height=\"100%\" loading=\"lazy\" aria-label=\"Video player\"><\/iframe>\t\t\t\n\t\t\t\n\t\t\t\n\t\t\t\t\t\t\t<div class=\"wd-el-video-overlay wd-fill\">\n\t\t\t\t\t<img loading=\"lazy\" decoding=\"async\" width=\"1920\" height=\"1080\" src=\"https:\/\/divinosecreto.online\/wp-content\/uploads\/2025\/12\/prf-collection-etheria-opt.jpg\" class=\"attachment-full size-full\" alt=\"\" \/>\t\t\t\t<\/div>\n\t\t\t\t<div class=\"wd-el-video-control color-scheme-light wd-fill\">\n\t\t\t\t\t<span class=\"wd-el-video-play-btn\"><\/span>\n\t\t\t\t\t\t\t\t\t<\/div>\n\n\t\t\t\t<a class=\"wd-el-video-link wd-el-video-btn-overlay wd-fill\" href=\"http:\/\/youtu.be\/LXb3EKWsInQ\" aria-label=\"Play video\"><\/a>\n\t\t\t\t\t<\/div>\n\t\t\t\t<div id=\"wd-69a2151aa8b83\" class=\"wd-text-block wd-wpb reset-last-child wd-rs-69a2151aa8b83 text-left \">\n\t\t\t<p>Vibrador exquisito de alta calidad de LoveToy O-Sensual Range. Viene en una colecci\u00f3n de tonos atrevidos y elegantes, son repelentes al agua y seguros para el cuerpo. Son excelentes juguetes discretos con patrones de vibraci\u00f3n personalizados que funcionan muy bien para mujeres y parejas. Nuestro dise\u00f1o innovador no te defraudar\u00e1 y \u00a1ups! \u00a1D\u00e9jate impresionar!<\/p>\n\t\t<\/div>\n\t\t[\/vc_column][\/vc_row][vc_row][vc_column width=\u00bb1\/3&#8243;]\t\t\t<div class=\"info-box-wrapper\">\n\t\t\t\t<div id=\"wd-69453fd09f4a5\" class=\" wd-rs-69453fd09f4a5 wd-info-box wd-wpb text-left box-icon-align-top box-style- color-scheme- wd-bg-none vc_custom_1766146025696\">\n\t\t\t\t\t\t\t\t\t\t\t<div class=\"box-icon-wrapper  box-with-icon box-icon-simple\">\n\t\t\t\t\t\t\t<div class=\"info-box-icon\">\n\t\t\t\t\t\t\t\t<div class=\"info-svg-wrapper\" style=\"width: 24px;height: 24px;\"><img decoding=\"async\"  src=\"https:\/\/divinosecreto.online\/wp-content\/uploads\/2025\/12\/prf-infobox-1.svg\" title=\"prf-infobox-1\" loading=\"lazy\" width=\"24\" height=\"24\"><\/div>\t\t\t\t\t\t\t<\/div>\n\t\t\t\t\t\t<\/div>\n\t\t\t\t\t\t\t\t\t\t<div class=\"info-box-content\">\n\t\t\t\t\t\t<h4 class=\"info-box-title title box-title-style-default wd-fontsize-m\">Top Notes:<\/h4>\t\t\t\t\t\t<div class=\"info-box-inner reset-last-child\"><p>Bergamot, Pimento Berry, Oregano<\/p>\n<\/div>\n\n\t\t\t\t\t\t\t\t\t\t\t<\/div>\n\n\t\t\t\t\t\n\t\t\t\t\t\t\t\t\t<\/div>\n\t\t\t<\/div>\n\t\t[\/vc_column][vc_column width=\u00bb1\/3&#8243;]\t\t\t<div class=\"info-box-wrapper\">\n\t\t\t\t<div id=\"wd-69453ff591eb4\" class=\" wd-rs-69453ff591eb4 wd-info-box wd-wpb text-left box-icon-align-top box-style- color-scheme- wd-bg-none vc_custom_1766146053304\">\n\t\t\t\t\t\t\t\t\t\t\t<div class=\"box-icon-wrapper  box-with-icon box-icon-simple\">\n\t\t\t\t\t\t\t<div class=\"info-box-icon\">\n\t\t\t\t\t\t\t\t<div class=\"info-svg-wrapper\" style=\"width: 24px;height: 24px;\"><img decoding=\"async\"  src=\"https:\/\/divinosecreto.online\/wp-content\/uploads\/2025\/12\/prf-infobox-2.svg\" title=\"prf-infobox-2\" loading=\"lazy\" width=\"24\" height=\"24\"><\/div>\t\t\t\t\t\t\t<\/div>\n\t\t\t\t\t\t<\/div>\n\t\t\t\t\t\t\t\t\t\t<div class=\"info-box-content\">\n\t\t\t\t\t\t<h4 class=\"info-box-title title box-title-style-default wd-fontsize-m\">Heart Notes:<\/h4>\t\t\t\t\t\t<div class=\"info-box-inner reset-last-child\"><p>Amber, Citrus, Frankincense, Vanilla<\/p>\n<\/div>\n\n\t\t\t\t\t\t\t\t\t\t\t<\/div>\n\n\t\t\t\t\t\n\t\t\t\t\t\t\t\t\t<\/div>\n\t\t\t<\/div>\n\t\t[\/vc_column][vc_column width=\u00bb1\/3&#8243;]\t\t\t<div class=\"info-box-wrapper\">\n\t\t\t\t<div id=\"wd-69454009b4eba\" class=\" wd-rs-69454009b4eba wd-info-box wd-wpb text-left box-icon-align-top box-style- color-scheme- wd-bg-none vc_custom_1766146079283\">\n\t\t\t\t\t\t\t\t\t\t\t<div class=\"box-icon-wrapper  box-with-icon box-icon-simple\">\n\t\t\t\t\t\t\t<div class=\"info-box-icon\">\n\t\t\t\t\t\t\t\t<div class=\"info-svg-wrapper\" style=\"width: 24px;height: 24px;\"><img decoding=\"async\"  src=\"https:\/\/divinosecreto.online\/wp-content\/uploads\/2025\/12\/prf-infobox-3.svg\" title=\"prf-infobox-3\" loading=\"lazy\" width=\"24\" height=\"24\"><\/div>\t\t\t\t\t\t\t<\/div>\n\t\t\t\t\t\t<\/div>\n\t\t\t\t\t\t\t\t\t\t<div class=\"info-box-content\">\n\t\t\t\t\t\t<h4 class=\"info-box-title title box-title-style-default wd-fontsize-m\">Base Notes:<\/h4>\t\t\t\t\t\t<div class=\"info-box-inner reset-last-child\"><p>Oud, Leather, Patchouli, Sandalwood<\/p>\n<\/div>\n\n\t\t\t\t\t\t\t\t\t\t\t<\/div>\n\n\t\t\t\t\t\n\t\t\t\t\t\t\t\t\t<\/div>\n\t\t\t<\/div>\n\t\t[\/vc_column][\/vc_row]<\/p>\n<\/div>","protected":false},"excerpt":{"rendered":"<p>C\u00f3mo cargar:<\/p>\n<p>&nbsp;<\/p>\n<p><strong>*\u00a0<\/strong>Incluye un cable USB para cargar.<br \/>\n<strong>*\u00a0<\/strong>Informaci\u00f3n de la bater\u00eda: bater\u00edas CR1632 de litio de 3v para el control remoto (incluidas)<br \/>\n<strong>*\u00a0<\/strong>Una luz LED parpadea durante el per\u00edodo de carga.<br \/>\n<strong>*\u00a0<\/strong>Luz constante una vez cargada por completo.<br \/>\n<strong>*\u00a0<\/strong>Est\u00e1s listo para hasta 2 horas de vibraci\u00f3n incre\u00edble<\/p>\n","protected":false},"featured_media":598,"comment_status":"closed","ping_status":"closed","template":"","meta":[],"product_brand":[],"product_cat":[20],"product_tag":[],"class_list":{"0":"post-273","1":"product","2":"type-product","3":"status-publish","4":"has-post-thumbnail","6":"product_cat-vibradores-app","8":"first","9":"instock","10":"shipping-taxable","11":"purchasable","12":"product-type-simple"},"_links":{"self":[{"href":"https:\/\/divinosecreto.online\/index.php\/wp-json\/wp\/v2\/product\/273","targetHints":{"allow":["GET"]}}],"collection":[{"href":"https:\/\/divinosecreto.online\/index.php\/wp-json\/wp\/v2\/product"}],"about":[{"href":"https:\/\/divinosecreto.online\/index.php\/wp-json\/wp\/v2\/types\/product"}],"replies":[{"embeddable":true,"href":"https:\/\/divinosecreto.online\/index.php\/wp-json\/wp\/v2\/comments?post=273"}],"wp:featuredmedia":[{"embeddable":true,"href":"https:\/\/divinosecreto.online\/index.php\/wp-json\/wp\/v2\/media\/598"}],"wp:attachment":[{"href":"https:\/\/divinosecreto.online\/index.php\/wp-json\/wp\/v2\/media?parent=273"}],"wp:term":[{"taxonomy":"product_brand","embeddable":true,"href":"https:\/\/divinosecreto.online\/index.php\/wp-json\/wp\/v2\/product_brand?post=273"},{"taxonomy":"product_cat","embeddable":true,"href":"https:\/\/divinosecreto.online\/index.php\/wp-json\/wp\/v2\/product_cat?post=273"},{"taxonomy":"product_tag","embeddable":true,"href":"https:\/\/divinosecreto.online\/index.php\/wp-json\/wp\/v2\/product_tag?post=273"}],"curies":[{"name":"wp","href":"https:\/\/api.w.org\/{rel}","templated":true}]}}